{"id":3,"date":"2026-01-19T22:32:41","date_gmt":"2026-01-19T22:32:41","guid":{"rendered":"https:\/\/thewaterfrontgallery.co.uk\/?page_id=3"},"modified":"2026-03-02T00:01:08","modified_gmt":"2026-03-02T00:01:08","slug":"privacy-policy","status":"publish","type":"page","link":"https:\/\/thewaterfrontgallery.co.uk\/cy\/privacy-policy\/","title":{"rendered":"Polisi Preifatrwydd"},"content":{"rendered":"<div class=\"et_pb_section_0 et_pb_section et_section_regular et_block_section\">\n<div class=\"et_pb_row_0 et_pb_row et_block_row\">\n<div class=\"et_pb_column_0 et_pb_column et_pb_column_4_4 et-last-child et_block_column et_pb_css_mix_blend_mode_passthrough\">\n<div class=\"et_pb_text_0 et_pb_text et_pb_bg_layout_light et_pb_module et_block_module\"><div class=\"et_pb_text_inner\"><p><br \/><\/p>\n<h1 data-start=\"0\" data-end=\"23\" style=\"text-align: center;\"><strong data-start=\"0\" data-end=\"23\">Polisi Preifatrwydd<\/strong><\/h1>\n<p data-start=\"25\" data-end=\"61\"><strong data-start=\"25\" data-end=\"61\">Diweddarwyd diwethaf: 25\/02\/2026<\/strong><\/p>\n<p data-start=\"63\" data-end=\"326\">Mae <strong data-start=\"67\" data-end=\"87\">Oriel Glan y D\u0175r<\/strong> (\u201cni\u201d, \u201cein\u201d, \u201cni ein hunain\u201d) wedi ymrwymo i ddiogelu a pharchu eich preifatrwydd. Mae\u2019r Polisi Preifatrwydd hwn yn esbonio sut rydym yn casglu, defnyddio a diogelu unrhyw wybodaeth bersonol a roddwch pan fyddwch yn defnyddio ein gwefan.<\/p>\n<hr data-start=\"328\" data-end=\"331\" \/>\n<h3 data-start=\"333\" data-end=\"357\"><strong data-start=\"337\" data-end=\"355\">1. Pwy Ydym Ni<\/strong><\/h3>\n<p data-start=\"358\" data-end=\"441\">Mae Oriel Glan y D\u0175r wedi\u2019i lleoli yn Aberdaugleddau, Sir Benfro, y Deyrnas Unedig.<\/p>\n<p data-start=\"443\" data-end=\"605\">Os oes gennych unrhyw gwestiynau am y Polisi Preifatrwydd hwn neu sut rydym yn trin eich data, gallwch gysylltu \u00e2 ni ar:<br data-start=\"563\" data-end=\"566\" \/>E-bost: <a data-start=\"574\" data-end=\"605\" class=\"decorated-link cursor-pointer\" rel=\"noopener\">info@thewaterfrontgallery.co.uk<span aria-hidden=\"true\" class=\"ms-0.5 inline-block align-middle leading-none\"><svg xmlns=\"http:\/\/www.w3.org\/2000\/svg\" width=\"20\" height=\"20\" aria-hidden=\"true\" data-rtl-flip=\"\" class=\"block h-[0.75em] w-[0.75em] stroke-current stroke-[0.75]\"><use href=\"\/cdn\/assets\/sprites-core-eri7ssmm.svg#304883\" fill=\"currentColor\"><\/use><\/svg><\/span><\/a><\/p>\n<hr data-start=\"607\" data-end=\"610\" \/>\n<h3 data-start=\"612\" data-end=\"657\"><strong data-start=\"616\" data-end=\"655\">2. Pa Wybodaeth Rydym yn ei Chasglu<\/strong><\/h3>\n<p data-start=\"658\" data-end=\"717\">Efallai y byddwn yn casglu a phrosesu\u2019r wybodaeth ganlynol:<\/p>\n<ul data-start=\"719\" data-end=\"1036\">\n<li data-start=\"719\" data-end=\"846\">\n<p data-start=\"721\" data-end=\"846\">Manylion cyswllt megis eich enw a\u2019ch cyfeiriad e-bost (er enghraifft, os byddwch yn cysylltu \u00e2 ni drwy ffurflen neu e-bost)<\/p>\n<\/li>\n<li data-start=\"847\" data-end=\"916\">\n<p data-start=\"849\" data-end=\"916\">Unrhyw wybodaeth y byddwch yn dewis ei darparu wrth gysylltu \u00e2 ni<\/p>\n<\/li>\n<li data-start=\"917\" data-end=\"1036\">\n<p data-start=\"919\" data-end=\"1036\">Data technegol megis cyfeiriad IP, math o borwr, a thudalennau yr ymwelwyd \u00e2 hwy (drwy gwcis neu offer dadansoddeg)<\/p>\n<\/li>\n<\/ul>\n<p data-start=\"1038\" data-end=\"1097\">Nid ydym yn casglu data gan blant o dan 13 oed yn fwriadol.<\/p>\n<hr data-start=\"1099\" data-end=\"1102\" \/>\n<h3 data-start=\"1104\" data-end=\"1155\"><strong data-start=\"1108\" data-end=\"1153\">3. Sut Rydym yn Defnyddio Eich Gwybodaeth<\/strong><\/h3>\n<p data-start=\"1156\" data-end=\"1193\">Rydym yn defnyddio eich gwybodaeth i:<\/p>\n<ul data-start=\"1195\" data-end=\"1439\">\n<li data-start=\"1195\" data-end=\"1248\">\n<p data-start=\"1197\" data-end=\"1248\">Ymateb i ymholiadau neu negeseuon a anfonwch atom<\/p>\n<\/li>\n<li data-start=\"1249\" data-end=\"1346\">\n<p data-start=\"1251\" data-end=\"1346\">Darparu gwybodaeth am ein horiel, ein harddangosfeydd neu ein digwyddiadau os gofynnir amdani<\/p>\n<\/li>\n<li data-start=\"1347\" data-end=\"1392\">\n<p data-start=\"1349\" data-end=\"1392\">Gwella ein gwefan a phrofiad y defnyddiwr<\/p>\n<\/li>\n<li data-start=\"1393\" data-end=\"1439\">\n<p data-start=\"1395\" data-end=\"1439\">Cynnal diogelwch a pherfformiad ein gwefan<\/p>\n<\/li>\n<\/ul>\n<p data-start=\"1441\" data-end=\"1514\">Ni fyddwn byth yn gwerthu na rhentu eich data personol i drydydd part\u00efon.<\/p>\n<hr data-start=\"1516\" data-end=\"1519\" \/>\n<h3 data-start=\"1521\" data-end=\"1563\"><strong data-start=\"1525\" data-end=\"1561\">4. Sail Gyfreithiol dros Brosesu<\/strong><\/h3>\n<p data-start=\"1564\" data-end=\"1664\">O dan UK GDPR, rydym yn prosesu data personol ar sail un neu ragor o\u2019r seiliau cyfreithiol canlynol:<\/p>\n<ul data-start=\"1666\" data-end=\"1877\">\n<li data-start=\"1666\" data-end=\"1683\">\n<p data-start=\"1668\" data-end=\"1683\">Eich caniat\u00e2d<\/p>\n<\/li>\n<li data-start=\"1684\" data-end=\"1761\">\n<p data-start=\"1686\" data-end=\"1761\">Perfformiad contract neu gymryd camau ar eich cais cyn ymrwymo i gontract<\/p>\n<\/li>\n<li data-start=\"1762\" data-end=\"1877\">\n<p data-start=\"1764\" data-end=\"1877\">Ein buddiannau cyfreithlon wrth weithredu a gwella ein gwefan, ar yr amod nad yw\u2019r rhain yn drech na\u2019ch hawliau<\/p>\n<\/li>\n<\/ul>\n<hr data-start=\"1879\" data-end=\"1882\" \/>\n<h3 data-start=\"1884\" data-end=\"1902\"><strong data-start=\"1888\" data-end=\"1900\">5. Cwcis<\/strong><\/h3>\n<p data-start=\"1903\" data-end=\"1996\">Gall ein gwefan ddefnyddio cwcis i wella eich profiad pori a chasglu ystadegau defnydd dienw.<\/p>\n<p data-start=\"1998\" data-end=\"2128\">Gallwch ddewis derbyn neu wrthod cwcis drwy osodiadau eich porwr. Gall analluogi cwcis effeithio ar sut mae\u2019r wefan yn gweithredu.<\/p>\n<hr data-start=\"2130\" data-end=\"2133\" \/>\n<h3 data-start=\"2135\" data-end=\"2159\"><strong data-start=\"2139\" data-end=\"2157\">6. Rhannu Data<\/strong><\/h3>\n<p data-start=\"2160\" data-end=\"2228\">Nid ydym yn rhannu eich data personol \u00e2 thrydydd part\u00efon ac eithrio:<\/p>\n<ul data-start=\"2230\" data-end=\"2430\">\n<li data-start=\"2230\" data-end=\"2265\">\n<p data-start=\"2232\" data-end=\"2265\">Pan fo\u2019n ofynnol gan y gyfraith<\/p>\n<\/li>\n<li data-start=\"2266\" data-end=\"2430\">\n<p data-start=\"2268\" data-end=\"2430\">Gyda darparwyr gwasanaethau dibynadwy (megis gwasanaethau lletya gwe neu ddadansoddeg) sy\u2019n prosesu data ar ein rhan ac sy\u2019n cydymffurfio \u00e2 deddfau diogelu data<\/p>\n<\/li>\n<\/ul>\n<hr data-start=\"2432\" data-end=\"2435\" \/>\n<h3 data-start=\"2437\" data-end=\"2464\"><strong data-start=\"2441\" data-end=\"2462\">7. Diogelwch Data<\/strong><\/h3>\n<p data-start=\"2465\" data-end=\"2617\">Rydym yn cymryd mesurau technegol a threfniadol rhesymol i ddiogelu eich data personol rhag colled, camddefnydd, mynediad anawdurdodedig neu ddatgeliad.<\/p>\n<hr data-start=\"2619\" data-end=\"2622\" \/>\n<h3 data-start=\"2624\" data-end=\"2646\"><strong data-start=\"2628\" data-end=\"2644\">8. Cadw Data<\/strong><\/h3>\n<p data-start=\"2647\" data-end=\"2790\">Dim ond cyhyd ag sy\u2019n angenrheidiol at y dibenion y cafodd ei gasglu, neu fel sy\u2019n ofynnol gan y gyfraith, y byddwn yn cadw eich data personol.<\/p>\n<hr data-start=\"2792\" data-end=\"2795\" \/>\n<h3 data-start=\"2797\" data-end=\"2835\"><strong data-start=\"2801\" data-end=\"2833\">9. Eich Hawliau Diogelu Data<\/strong><\/h3>\n<p data-start=\"2836\" data-end=\"2892\">O dan gyfraith diogelu data\u2019r DU, mae gennych yr hawl i:<\/p>\n<ul data-start=\"2894\" data-end=\"3233\">\n<li data-start=\"2894\" data-end=\"2951\">\n<p data-start=\"2896\" data-end=\"2951\">Gael mynediad at y data personol sydd gennym amdanoch<\/p>\n<\/li>\n<li data-start=\"2952\" data-end=\"3000\">\n<p data-start=\"2954\" data-end=\"3000\">Gofyn am gywiro data anghywir neu anghyflawn<\/p>\n<\/li>\n<li data-start=\"3001\" data-end=\"3039\">\n<p data-start=\"3003\" data-end=\"3039\">Gofyn am ddileu eich data personol<\/p>\n<\/li>\n<li data-start=\"3040\" data-end=\"3088\">\n<p data-start=\"3042\" data-end=\"3088\">Gwrthwynebu neu gyfyngu ar brosesu eich data<\/p>\n<\/li>\n<li data-start=\"3089\" data-end=\"3174\">\n<p data-start=\"3091\" data-end=\"3174\">Tynnu eich caniat\u00e2d yn \u00f4l ar unrhyw adeg (pan mai caniat\u00e2d yw\u2019r sail gyfreithiol)<\/p>\n<\/li>\n<li data-start=\"3175\" data-end=\"3233\">\n<p data-start=\"3177\" data-end=\"3233\">Cyflwyno cwyn i Swyddfa\u2019r Comisiynydd Gwybodaeth (ICO)<\/p>\n<\/li>\n<\/ul>\n<p data-start=\"3235\" data-end=\"3293\">Gallwch gael rhagor o wybodaeth ar: <a data-start=\"3271\" data-end=\"3293\" rel=\"noopener\" target=\"_new\" class=\"decorated-link\" href=\"https:\/\/www.ico.org.uk\">https:\/\/www.ico.org.uk<span aria-hidden=\"true\" class=\"ms-0.5 inline-block align-middle leading-none\"><svg xmlns=\"http:\/\/www.w3.org\/2000\/svg\" width=\"20\" height=\"20\" aria-hidden=\"true\" data-rtl-flip=\"\" class=\"block h-[0.75em] w-[0.75em] stroke-current stroke-[0.75]\"><use href=\"\/cdn\/assets\/sprites-core-eri7ssmm.svg#304883\" fill=\"currentColor\"><\/use><\/svg><\/span><\/a><\/p>\n<hr data-start=\"3295\" data-end=\"3298\" \/>\n<h3 data-start=\"3300\" data-end=\"3339\"><strong data-start=\"3304\" data-end=\"3337\">10. Newidiadau i\u2019r Polisi Hwn<\/strong><\/h3>\n<p data-start=\"3340\" data-end=\"3514\" data-is-last-node=\"\" data-is-only-node=\"\">Efallai y byddwn yn diweddaru\u2019r Polisi Preifatrwydd hwn o bryd i\u2019w gilydd. Bydd unrhyw newidiadau yn cael eu cyhoeddi ar y dudalen hon gyda dyddiad adolygu wedi\u2019i ddiweddaru.<\/p>\n<p><\/p>\n<\/div><\/div>\n<\/div>\n<\/div>\n<\/div>","protected":false},"excerpt":{"rendered":"","protected":false},"author":1,"featured_media":0,"parent":0,"menu_order":0,"comment_status":"closed","ping_status":"closed","template":"","meta":{"inline_featured_image":false,"footnotes":""},"class_list":["post-3","page","type-page","status-publish","hentry"],"yoast_head":"<!-- This site is optimized with the Yoast SEO plugin v27.1.1 - https:\/\/yoast.com\/product\/yoast-seo-wordpress\/ -->\n<title>Privacy Policy - The Waterfront Gallery<\/title>\n<meta name=\"robots\" content=\"index, follow, max-snippet:-1, max-image-preview:large, max-video-preview:-1\" \/>\n<link rel=\"canonical\" href=\"https:\/\/thewaterfrontgallery.co.uk\/cy\/privacy-policy\/\" \/>\n<meta property=\"og:locale\" content=\"en_US\" \/>\n<meta property=\"og:type\" content=\"article\" \/>\n<meta property=\"og:title\" content=\"Privacy Policy - The Waterfront Gallery\" \/>\n<meta property=\"og:url\" content=\"https:\/\/thewaterfrontgallery.co.uk\/cy\/privacy-policy\/\" \/>\n<meta property=\"og:site_name\" content=\"The Waterfront Gallery\" \/>\n<meta property=\"article:publisher\" content=\"https:\/\/www.facebook.com\/wfrontgallery#\" \/>\n<meta property=\"article:modified_time\" content=\"2026-03-02T00:01:08+00:00\" \/>\n<meta name=\"twitter:card\" content=\"summary_large_image\" \/>\n<script type=\"application\/ld+json\" class=\"yoast-schema-graph\">{\"@context\":\"https:\/\/schema.org\",\"@graph\":[{\"@type\":\"WebPage\",\"@id\":\"https:\/\/thewaterfrontgallery.co.uk\/privacy-policy\/\",\"url\":\"https:\/\/thewaterfrontgallery.co.uk\/privacy-policy\/\",\"name\":\"Privacy Policy - The Waterfront Gallery\",\"isPartOf\":{\"@id\":\"https:\/\/thewaterfrontgallery.co.uk\/#website\"},\"datePublished\":\"2026-01-19T22:32:41+00:00\",\"dateModified\":\"2026-03-02T00:01:08+00:00\",\"breadcrumb\":{\"@id\":\"https:\/\/thewaterfrontgallery.co.uk\/privacy-policy\/#breadcrumb\"},\"inLanguage\":\"cy\",\"potentialAction\":[{\"@type\":\"ReadAction\",\"target\":[\"https:\/\/thewaterfrontgallery.co.uk\/privacy-policy\/\"]}]},{\"@type\":\"BreadcrumbList\",\"@id\":\"https:\/\/thewaterfrontgallery.co.uk\/privacy-policy\/#breadcrumb\",\"itemListElement\":[{\"@type\":\"ListItem\",\"position\":1,\"name\":\"Home\",\"item\":\"https:\/\/thewaterfrontgallery.co.uk\/\"},{\"@type\":\"ListItem\",\"position\":2,\"name\":\"Privacy Policy\"}]},{\"@type\":\"WebSite\",\"@id\":\"https:\/\/thewaterfrontgallery.co.uk\/#website\",\"url\":\"https:\/\/thewaterfrontgallery.co.uk\/\",\"name\":\"The Waterfront Gallery\",\"description\":\"\",\"publisher\":{\"@id\":\"https:\/\/thewaterfrontgallery.co.uk\/#organization\"},\"potentialAction\":[{\"@type\":\"SearchAction\",\"target\":{\"@type\":\"EntryPoint\",\"urlTemplate\":\"https:\/\/thewaterfrontgallery.co.uk\/?s={search_term_string}\"},\"query-input\":{\"@type\":\"PropertyValueSpecification\",\"valueRequired\":true,\"valueName\":\"search_term_string\"}}],\"inLanguage\":\"cy\"},{\"@type\":\"Organization\",\"@id\":\"https:\/\/thewaterfrontgallery.co.uk\/#organization\",\"name\":\"The Waterfront Gallery\",\"url\":\"https:\/\/thewaterfrontgallery.co.uk\/\",\"logo\":{\"@type\":\"ImageObject\",\"inLanguage\":\"cy\",\"@id\":\"https:\/\/thewaterfrontgallery.co.uk\/#\/schema\/logo\/image\/\",\"url\":\"https:\/\/thewaterfrontgallery.co.uk\/wp-content\/uploads\/2026\/02\/logo-text-trans.png\",\"contentUrl\":\"https:\/\/thewaterfrontgallery.co.uk\/wp-content\/uploads\/2026\/02\/logo-text-trans.png\",\"width\":458,\"height\":117,\"caption\":\"The Waterfront Gallery\"},\"image\":{\"@id\":\"https:\/\/thewaterfrontgallery.co.uk\/#\/schema\/logo\/image\/\"},\"sameAs\":[\"https:\/\/www.facebook.com\/wfrontgallery#\",\"https:\/\/www.instagram.com\/waterfront_gallery\"]}]}<\/script>\n<!-- \/ Yoast SEO plugin. -->","yoast_head_json":{"title":"Privacy Policy - The Waterfront Gallery","robots":{"index":"index","follow":"follow","max-snippet":"max-snippet:-1","max-image-preview":"max-image-preview:large","max-video-preview":"max-video-preview:-1"},"canonical":"https:\/\/thewaterfrontgallery.co.uk\/cy\/privacy-policy\/","og_locale":"en_US","og_type":"article","og_title":"Privacy Policy - The Waterfront Gallery","og_url":"https:\/\/thewaterfrontgallery.co.uk\/cy\/privacy-policy\/","og_site_name":"The Waterfront Gallery","article_publisher":"https:\/\/www.facebook.com\/wfrontgallery#","article_modified_time":"2026-03-02T00:01:08+00:00","twitter_card":"summary_large_image","schema":{"@context":"https:\/\/schema.org","@graph":[{"@type":"WebPage","@id":"https:\/\/thewaterfrontgallery.co.uk\/privacy-policy\/","url":"https:\/\/thewaterfrontgallery.co.uk\/privacy-policy\/","name":"Privacy Policy - The Waterfront Gallery","isPartOf":{"@id":"https:\/\/thewaterfrontgallery.co.uk\/#website"},"datePublished":"2026-01-19T22:32:41+00:00","dateModified":"2026-03-02T00:01:08+00:00","breadcrumb":{"@id":"https:\/\/thewaterfrontgallery.co.uk\/privacy-policy\/#breadcrumb"},"inLanguage":"cy","potentialAction":[{"@type":"ReadAction","target":["https:\/\/thewaterfrontgallery.co.uk\/privacy-policy\/"]}]},{"@type":"BreadcrumbList","@id":"https:\/\/thewaterfrontgallery.co.uk\/privacy-policy\/#breadcrumb","itemListElement":[{"@type":"ListItem","position":1,"name":"Home","item":"https:\/\/thewaterfrontgallery.co.uk\/"},{"@type":"ListItem","position":2,"name":"Privacy Policy"}]},{"@type":"WebSite","@id":"https:\/\/thewaterfrontgallery.co.uk\/#website","url":"https:\/\/thewaterfrontgallery.co.uk\/","name":"The Waterfront Gallery","description":"","publisher":{"@id":"https:\/\/thewaterfrontgallery.co.uk\/#organization"},"potentialAction":[{"@type":"SearchAction","target":{"@type":"EntryPoint","urlTemplate":"https:\/\/thewaterfrontgallery.co.uk\/?s={search_term_string}"},"query-input":{"@type":"PropertyValueSpecification","valueRequired":true,"valueName":"search_term_string"}}],"inLanguage":"cy"},{"@type":"Organization","@id":"https:\/\/thewaterfrontgallery.co.uk\/#organization","name":"The Waterfront Gallery","url":"https:\/\/thewaterfrontgallery.co.uk\/","logo":{"@type":"ImageObject","inLanguage":"cy","@id":"https:\/\/thewaterfrontgallery.co.uk\/#\/schema\/logo\/image\/","url":"https:\/\/thewaterfrontgallery.co.uk\/wp-content\/uploads\/2026\/02\/logo-text-trans.png","contentUrl":"https:\/\/thewaterfrontgallery.co.uk\/wp-content\/uploads\/2026\/02\/logo-text-trans.png","width":458,"height":117,"caption":"The Waterfront Gallery"},"image":{"@id":"https:\/\/thewaterfrontgallery.co.uk\/#\/schema\/logo\/image\/"},"sameAs":["https:\/\/www.facebook.com\/wfrontgallery#","https:\/\/www.instagram.com\/waterfront_gallery"]}]}},"_links":{"self":[{"href":"https:\/\/thewaterfrontgallery.co.uk\/cy\/wp-json\/wp\/v2\/pages\/3","targetHints":{"allow":["GET"]}}],"collection":[{"href":"https:\/\/thewaterfrontgallery.co.uk\/cy\/wp-json\/wp\/v2\/pages"}],"about":[{"href":"https:\/\/thewaterfrontgallery.co.uk\/cy\/wp-json\/wp\/v2\/types\/page"}],"author":[{"embeddable":true,"href":"https:\/\/thewaterfrontgallery.co.uk\/cy\/wp-json\/wp\/v2\/users\/1"}],"replies":[{"embeddable":true,"href":"https:\/\/thewaterfrontgallery.co.uk\/cy\/wp-json\/wp\/v2\/comments?post=3"}],"version-history":[{"count":8,"href":"https:\/\/thewaterfrontgallery.co.uk\/cy\/wp-json\/wp\/v2\/pages\/3\/revisions"}],"predecessor-version":[{"id":1574,"href":"https:\/\/thewaterfrontgallery.co.uk\/cy\/wp-json\/wp\/v2\/pages\/3\/revisions\/1574"}],"wp:attachment":[{"href":"https:\/\/thewaterfrontgallery.co.uk\/cy\/wp-json\/wp\/v2\/media?parent=3"}],"curies":[{"name":"wp","href":"https:\/\/api.w.org\/{rel}","templated":true}]}}